{"id":18,"date":"2021-08-30T11:17:14","date_gmt":"2021-08-30T09:17:14","guid":{"rendered":"http:\/\/serwer1530812.home.pl\/autoinstalator\/wordpress10\/?page_id=18"},"modified":"2021-08-31T10:14:02","modified_gmt":"2021-08-31T08:14:02","slug":"firma","status":"publish","type":"page","link":"https:\/\/falconprojekt.pl\/","title":{"rendered":"Kilka s\u0142\u00f3w o firmie"},"content":{"rendered":"\n<div class=\"wp-block-columns is-layout-flex wp-container-core-columns-is-layout-9d6595d7 wp-block-columns-is-layout-flex\">\n<div class=\"wp-block-column is-layout-flow wp-block-column-is-layout-flow\" style=\"flex-basis:33.33%\">\n<figure class=\"wp-block-image size-full is-resized is-style-default\"><img loading=\"lazy\" decoding=\"async\" src=\"http:\/\/serwer1530812.home.pl\/autoinstalator\/wordpress10\/wp-content\/uploads\/2021\/08\/1-2.png\" alt=\"\" class=\"wp-image-85\" width=\"362\" height=\"283\"\/><\/figure>\n<\/div>\n\n\n\n<div class=\"wp-block-column is-vertically-aligned-center is-layout-flow wp-block-column-is-layout-flow\" style=\"flex-basis:66.66%\">\n<p class=\"has-medium-font-size\">Nasza firma zajmuje si\u0119 kompleksow\u0105 obs\u0142ug\u0105 techniczna inwestycji budowlanych. Oferujemy pe\u0142en zakres us\u0142ug zwi\u0105zanych z procesem inwestycyjnym gdzie wyst\u0119pujemy jako inwestor zast\u0119pczy, projektant, inspektor nadzoru i kierownik budowy. Za\u0142atwiamy formalno\u015bci zwi\u0105zane z uzyskaniem pozwolenia na budow\u0119, pozwolenia na rozbi\u00f3rk\u0119, legalizacj\u0105 samowoli budowlanej oraz zmian\u0105 sposobu u\u017cytkowania budynku.<\/p>\n<\/div>\n<\/div>\n\n\n\n<hr class=\"wp-block-separator has-text-color has-background has-vivid-cyan-blue-background-color has-vivid-cyan-blue-color is-style-wide\"\/>\n\n\n\n<div class=\"wp-block-columns is-layout-flex wp-container-core-columns-is-layout-9d6595d7 wp-block-columns-is-layout-flex\">\n<div class=\"wp-block-column is-vertically-aligned-center is-layout-flow wp-block-column-is-layout-flow\" style=\"flex-basis:66.66%\">\n<p class=\"has-medium-font-size\">Wykonujemy \u015bwiadectwa energetyczne, opinie techniczne i kosztorysy. Przeprowadzamy przegl\u0105dy roczne i pi\u0119cioletnie budynk\u00f3w. Oferujemy pomoc w doborze optymalnej technologii rob\u00f3t oraz konsultacje techniczn\u0105 dotycz\u0105c\u0105 optymalizacji koszt\u00f3w inwestycji.<\/p>\n<\/div>\n\n\n\n<div class=\"wp-block-column is-layout-flow wp-block-column-is-layout-flow\" style=\"flex-basis:33.33%\">\n<figure class=\"wp-block-image size-full is-resized\"><img loading=\"lazy\" decoding=\"async\" src=\"http:\/\/serwer1530812.home.pl\/autoinstalator\/wordpress10\/wp-content\/uploads\/2021\/08\/3.png\" alt=\"\" class=\"wp-image-91\" width=\"363\" height=\"284\"\/><\/figure>\n<\/div>\n<\/div>\n","protected":false},"excerpt":{"rendered":"<p>Nasza firma zajmuje si\u0119 kompleksow\u0105 obs\u0142ug\u0105 techniczna inwestycji budowlanych. Oferujemy pe\u0142en zakres us\u0142ug zwi\u0105zanych z procesem inwestycyjnym gdzie wyst\u0119pujemy jako inwestor zast\u0119pczy, projektant, inspektor nadzoru i kierownik budowy. Za\u0142atwiamy formalno\u015bci &#8230;<\/p>\n","protected":false},"author":1,"featured_media":0,"parent":0,"menu_order":0,"comment_status":"closed","ping_status":"closed","template":"","meta":{"footnotes":""},"class_list":["post-18","page","type-page","status-publish","hentry"],"_links":{"self":[{"href":"https:\/\/falconprojekt.pl\/index.php\/wp-json\/wp\/v2\/pages\/18","targetHints":{"allow":["GET"]}}],"collection":[{"href":"https:\/\/falconprojekt.pl\/index.php\/wp-json\/wp\/v2\/pages"}],"about":[{"href":"https:\/\/falconprojekt.pl\/index.php\/wp-json\/wp\/v2\/types\/page"}],"author":[{"embeddable":true,"href":"https:\/\/falconprojekt.pl\/index.php\/wp-json\/wp\/v2\/users\/1"}],"replies":[{"embeddable":true,"href":"https:\/\/falconprojekt.pl\/index.php\/wp-json\/wp\/v2\/comments?post=18"}],"version-history":[{"count":13,"href":"https:\/\/falconprojekt.pl\/index.php\/wp-json\/wp\/v2\/pages\/18\/revisions"}],"predecessor-version":[{"id":176,"href":"https:\/\/falconprojekt.pl\/index.php\/wp-json\/wp\/v2\/pages\/18\/revisions\/176"}],"wp:attachment":[{"href":"https:\/\/falconprojekt.pl\/index.php\/wp-json\/wp\/v2\/media?parent=18"}],"curies":[{"name":"wp","href":"https:\/\/api.w.org\/{rel}","templated":true}]}}