{"id":20,"date":"2021-08-30T11:17:29","date_gmt":"2021-08-30T09:17:29","guid":{"rendered":"http:\/\/serwer1530812.home.pl\/autoinstalator\/wordpress10\/?page_id=20"},"modified":"2021-08-30T15:38:56","modified_gmt":"2021-08-30T13:38:56","slug":"oferta","status":"publish","type":"page","link":"https:\/\/falconprojekt.pl\/index.php\/oferta\/","title":{"rendered":"Nasza oferta"},"content":{"rendered":"\n<div class=\"wp-block-columns is-layout-flex wp-container-core-columns-is-layout-9d6595d7 wp-block-columns-is-layout-flex\">\n<div class=\"wp-block-column is-layout-flow wp-block-column-is-layout-flow\" style=\"flex-basis:58%\">\n<h2 class=\"wp-block-heading\" id=\"projektowanie\">Projektowanie<\/h2>\n\n\n\n<hr class=\"wp-block-separator is-style-wide\"\/>\n\n\n\n<p><strong>Nasza oferta zawiera kompleksowe us\u0142ugi w zakresie projektowania:<\/strong><\/p>\n\n\n\n<ul class=\"wp-block-list\"><li>budynk\u00f3w mieszkalnych jednorodzinnych i wielorodzinnych<\/li><li>budynk\u00f3w u\u017cyteczno\u015bci publicznej<\/li><li>budynk\u00f3w us\u0142ugowych i magazynowych<\/li><li>rozbudowy, przebudowy i termomodernizacji istniej\u0105cych budynk\u00f3w<\/li><li>adaptacji projekt\u00f3w gotowych<\/li><li>inwentaryzacje obiekt\u00f3w budowlanych<\/li><li>obs\u0142uga formalno-prawna (formalno\u015bci zwi\u0105zane z uzyskaniem pozwolenia na budow\u0119, warunk\u00f3w zabudowy, niezb\u0119dnych pozwole\u0144 i uzgodnie\u0144)<\/li><\/ul>\n<\/div>\n\n\n\n<div class=\"wp-block-column is-vertically-aligned-center is-layout-flow wp-block-column-is-layout-flow\" style=\"flex-basis:42%\">\n<div class=\"wp-block-image\"><figure class=\"aligncenter size-full is-resized\"><img loading=\"lazy\" decoding=\"async\" src=\"http:\/\/serwer1530812.home.pl\/autoinstalator\/wordpress10\/wp-content\/uploads\/2021\/08\/architecte-illus.jpg\" alt=\"\" class=\"wp-image-150\" width=\"478\" height=\"317\" srcset=\"https:\/\/falconprojekt.pl\/wp-content\/uploads\/2021\/08\/architecte-illus.jpg 800w, https:\/\/falconprojekt.pl\/wp-content\/uploads\/2021\/08\/architecte-illus-300x199.jpg 300w, https:\/\/falconprojekt.pl\/wp-content\/uploads\/2021\/08\/architecte-illus-768x510.jpg 768w\" sizes=\"auto, (max-width: 478px) 100vw, 478px\" \/><\/figure><\/div>\n<\/div>\n<\/div>\n\n\n\n<hr class=\"wp-block-separator has-text-color has-background has-vivid-cyan-blue-background-color has-vivid-cyan-blue-color is-style-wide\"\/>\n\n\n\n<div class=\"wp-block-columns is-layout-flex wp-container-core-columns-is-layout-9d6595d7 wp-block-columns-is-layout-flex\">\n<div class=\"wp-block-column is-vertically-aligned-center is-layout-flow wp-block-column-is-layout-flow\">\n<div class=\"wp-block-image\"><figure class=\"alignright size-large is-resized\"><img loading=\"lazy\" decoding=\"async\" src=\"http:\/\/serwer1530812.home.pl\/autoinstalator\/wordpress10\/wp-content\/uploads\/2021\/08\/gf-DnBz-TeJR-cMuQ_inzynier-budownictwa-1920x1080-nocrop-1024x683.jpg\" alt=\"\" class=\"wp-image-162\" width=\"473\" height=\"315\" srcset=\"https:\/\/falconprojekt.pl\/wp-content\/uploads\/2021\/08\/gf-DnBz-TeJR-cMuQ_inzynier-budownictwa-1920x1080-nocrop-1024x683.jpg 1024w, https:\/\/falconprojekt.pl\/wp-content\/uploads\/2021\/08\/gf-DnBz-TeJR-cMuQ_inzynier-budownictwa-1920x1080-nocrop-300x200.jpg 300w, https:\/\/falconprojekt.pl\/wp-content\/uploads\/2021\/08\/gf-DnBz-TeJR-cMuQ_inzynier-budownictwa-1920x1080-nocrop-768x512.jpg 768w, https:\/\/falconprojekt.pl\/wp-content\/uploads\/2021\/08\/gf-DnBz-TeJR-cMuQ_inzynier-budownictwa-1920x1080-nocrop-1536x1025.jpg 1536w, https:\/\/falconprojekt.pl\/wp-content\/uploads\/2021\/08\/gf-DnBz-TeJR-cMuQ_inzynier-budownictwa-1920x1080-nocrop.jpg 1920w\" sizes=\"auto, (max-width: 473px) 100vw, 473px\" \/><\/figure><\/div>\n<\/div>\n\n\n\n<div class=\"wp-block-column is-layout-flow wp-block-column-is-layout-flow\" style=\"flex-basis:60%\">\n<h2 class=\"wp-block-heading\" id=\"obsluga\">OBS\u0141UGA TECHNICZNA INWESTYCJI<\/h2>\n\n\n\n<hr class=\"wp-block-separator is-style-wide\"\/>\n\n\n\n<p><strong>Oferujemy kompleksowe us\u0142ugi w zakresie obs\u0142ugi technicznej inwestycji<\/strong>:<\/p>\n\n\n\n<ul class=\"wp-block-list\"><li>pe\u0142nienie funkcji kierownika budowy<\/li><li>pe\u0142nienie funkcji inspektora nadzoru<\/li><li>pe\u0142nienie funkcji inwestora zast\u0119pczego<\/li><li>pomoc w doborze optymalnej technologii rob\u00f3t<\/li><li>konsultacje techniczn\u0105 dotycz\u0105c\u0105 optymalizacji koszt\u00f3w inwestycji<\/li><li>za\u0142atwienie formalno\u015bci zwi\u0105zane z uzyskaniem pozwolenia na budow\u0119, pozwolenia na rozbi\u00f3rk\u0119, legalizacj\u0105 samowoli budowlanej oraz zmian\u0105 sposobu u\u017cytkowania budynku<\/li><li>przegl\u0105dy roczne i pi\u0119cioletnie budynk\u00f3w<\/li><li>\u015bwiadectwa energetyczne<\/li><\/ul>\n<\/div>\n<\/div>\n\n\n\n<hr class=\"wp-block-separator has-text-color has-background has-vivid-cyan-blue-background-color has-vivid-cyan-blue-color is-style-wide\"\/>\n\n\n\n<div class=\"wp-block-columns is-layout-flex wp-container-core-columns-is-layout-9d6595d7 wp-block-columns-is-layout-flex\">\n<div class=\"wp-block-column is-layout-flow wp-block-column-is-layout-flow\" style=\"flex-basis:58%\">\n<h2 class=\"wp-block-heading\" id=\"kosztorysowanie\">Kosztorysowanie<\/h2>\n\n\n\n<hr class=\"wp-block-separator is-style-wide\"\/>\n\n\n\n<p><strong>Oferujemy kompleksowe us\u0142ugi w zakresie kosztorysowania<\/strong>:<\/p>\n\n\n\n<ul class=\"wp-block-list\"><li>kosztorysy budowlane<\/li><li>kosztorysy ofertowe i przetargowe<\/li><li>kosztorysy powykonawcze<\/li><li>kosztorysy dla bank\u00f3w<\/li><li>kosztorysy inwestorskie<\/li><\/ul>\n<\/div>\n\n\n\n<div class=\"wp-block-column is-vertically-aligned-center is-layout-flow wp-block-column-is-layout-flow\" style=\"flex-basis:42%\">\n<div class=\"wp-block-image\"><figure class=\"aligncenter size-large is-resized\"><img loading=\"lazy\" decoding=\"async\" src=\"http:\/\/serwer1530812.home.pl\/autoinstalator\/wordpress10\/wp-content\/uploads\/2021\/08\/gf-edHd-GzRt-x5Co_kosztorys-inwestorski-1920x1080-nocrop-1024x683.jpg\" alt=\"\" class=\"wp-image-149\" width=\"407\" height=\"271\" srcset=\"https:\/\/falconprojekt.pl\/wp-content\/uploads\/2021\/08\/gf-edHd-GzRt-x5Co_kosztorys-inwestorski-1920x1080-nocrop-1024x683.jpg 1024w, https:\/\/falconprojekt.pl\/wp-content\/uploads\/2021\/08\/gf-edHd-GzRt-x5Co_kosztorys-inwestorski-1920x1080-nocrop-300x200.jpg 300w, https:\/\/falconprojekt.pl\/wp-content\/uploads\/2021\/08\/gf-edHd-GzRt-x5Co_kosztorys-inwestorski-1920x1080-nocrop-768x512.jpg 768w, https:\/\/falconprojekt.pl\/wp-content\/uploads\/2021\/08\/gf-edHd-GzRt-x5Co_kosztorys-inwestorski-1920x1080-nocrop-1536x1025.jpg 1536w, https:\/\/falconprojekt.pl\/wp-content\/uploads\/2021\/08\/gf-edHd-GzRt-x5Co_kosztorys-inwestorski-1920x1080-nocrop.jpg 1920w\" sizes=\"auto, (max-width: 407px) 100vw, 407px\" \/><\/figure><\/div>\n<\/div>\n<\/div>\n","protected":false},"excerpt":{"rendered":"<p>Projektowanie Nasza oferta zawiera kompleksowe us\u0142ugi w zakresie projektowania: budynk\u00f3w mieszkalnych jednorodzinnych i wielorodzinnych budynk\u00f3w u\u017cyteczno\u015bci publicznej budynk\u00f3w us\u0142ugowych i magazynowych rozbudowy, przebudowy i termomodernizacji istniej\u0105cych budynk\u00f3w adaptacji projekt\u00f3w gotowych &#8230;<\/p>\n","protected":false},"author":1,"featured_media":0,"parent":0,"menu_order":0,"comment_status":"closed","ping_status":"closed","template":"","meta":{"footnotes":""},"class_list":["post-20","page","type-page","status-publish","hentry"],"_links":{"self":[{"href":"https:\/\/falconprojekt.pl\/index.php\/wp-json\/wp\/v2\/pages\/20","targetHints":{"allow":["GET"]}}],"collection":[{"href":"https:\/\/falconprojekt.pl\/index.php\/wp-json\/wp\/v2\/pages"}],"about":[{"href":"https:\/\/falconprojekt.pl\/index.php\/wp-json\/wp\/v2\/types\/page"}],"author":[{"embeddable":true,"href":"https:\/\/falconprojekt.pl\/index.php\/wp-json\/wp\/v2\/users\/1"}],"replies":[{"embeddable":true,"href":"https:\/\/falconprojekt.pl\/index.php\/wp-json\/wp\/v2\/comments?post=20"}],"version-history":[{"count":18,"href":"https:\/\/falconprojekt.pl\/index.php\/wp-json\/wp\/v2\/pages\/20\/revisions"}],"predecessor-version":[{"id":220,"href":"https:\/\/falconprojekt.pl\/index.php\/wp-json\/wp\/v2\/pages\/20\/revisions\/220"}],"wp:attachment":[{"href":"https:\/\/falconprojekt.pl\/index.php\/wp-json\/wp\/v2\/media?parent=20"}],"curies":[{"name":"wp","href":"https:\/\/api.w.org\/{rel}","templated":true}]}}