{"id":22,"date":"2021-08-30T11:17:41","date_gmt":"2021-08-30T09:17:41","guid":{"rendered":"http:\/\/serwer1530812.home.pl\/autoinstalator\/wordpress10\/?page_id=22"},"modified":"2021-08-31T13:22:49","modified_gmt":"2021-08-31T11:22:49","slug":"projektowanie","status":"publish","type":"page","link":"https:\/\/falconprojekt.pl\/index.php\/projektowanie\/","title":{"rendered":"Projektowanie"},"content":{"rendered":"\n<div class=\"wp-block-columns is-layout-flex wp-container-core-columns-is-layout-9d6595d7 wp-block-columns-is-layout-flex\">\n<div class=\"wp-block-column is-layout-flow wp-block-column-is-layout-flow\" style=\"flex-basis:58%\">\n<p id=\"block-7b2c275d-df51-4f5e-b674-eeb0fe6f82c3\"><strong>Nasza oferta zawiera kompleksowe us\u0142ugi w zakresie projektowania:<\/strong><\/p>\n\n\n\n<ul class=\"wp-block-list\" id=\"block-f318c151-167e-4dd0-82ca-b4a8ff9dffc1\"><li>budynk\u00f3w mieszkalnych jednorodzinnych i wielorodzinnych<\/li><li>budynk\u00f3w u\u017cyteczno\u015bci publicznej<\/li><li>budynk\u00f3w us\u0142ugowych i magazynowych<\/li><li>rozbudowy, przebudowy i termomodernizacji istniej\u0105cych budynk\u00f3w<\/li><li>adaptacji projekt\u00f3w gotowych<\/li><li>inwentaryzacje obiekt\u00f3w budowlanych<\/li><li>obs\u0142uga formalno-prawna (formalno\u015bci zwi\u0105zane z uzyskaniem pozwolenia na budow\u0119, warunk\u00f3w zabudowy, niezb\u0119dnych pozwole\u0144 i uzgodnie\u0144)<\/li><\/ul>\n<\/div>\n\n\n\n<div class=\"wp-block-column is-layout-flow wp-block-column-is-layout-flow\" style=\"flex-basis:42%\">\n<div class=\"wp-block-image\"><figure class=\"aligncenter size-full is-resized\"><img loading=\"lazy\" decoding=\"async\" src=\"http:\/\/serwer1530812.home.pl\/autoinstalator\/wordpress10\/wp-content\/uploads\/2021\/08\/architecte-illus.jpg\" alt=\"\" class=\"wp-image-150\" width=\"478\" height=\"317\" srcset=\"https:\/\/falconprojekt.pl\/wp-content\/uploads\/2021\/08\/architecte-illus.jpg 800w, https:\/\/falconprojekt.pl\/wp-content\/uploads\/2021\/08\/architecte-illus-300x199.jpg 300w, https:\/\/falconprojekt.pl\/wp-content\/uploads\/2021\/08\/architecte-illus-768x510.jpg 768w\" sizes=\"auto, (max-width: 478px) 100vw, 478px\" \/><\/figure><\/div>\n<\/div>\n<\/div>\n","protected":false},"excerpt":{"rendered":"<p>Nasza oferta zawiera kompleksowe us\u0142ugi w zakresie projektowania: budynk\u00f3w mieszkalnych jednorodzinnych i wielorodzinnych budynk\u00f3w u\u017cyteczno\u015bci publicznej budynk\u00f3w us\u0142ugowych i magazynowych rozbudowy, przebudowy i termomodernizacji istniej\u0105cych budynk\u00f3w adaptacji projekt\u00f3w gotowych inwentaryzacje &#8230;<\/p>\n","protected":false},"author":1,"featured_media":0,"parent":0,"menu_order":0,"comment_status":"closed","ping_status":"closed","template":"","meta":{"footnotes":""},"class_list":["post-22","page","type-page","status-publish","hentry"],"_links":{"self":[{"href":"https:\/\/falconprojekt.pl\/index.php\/wp-json\/wp\/v2\/pages\/22","targetHints":{"allow":["GET"]}}],"collection":[{"href":"https:\/\/falconprojekt.pl\/index.php\/wp-json\/wp\/v2\/pages"}],"about":[{"href":"https:\/\/falconprojekt.pl\/index.php\/wp-json\/wp\/v2\/types\/page"}],"author":[{"embeddable":true,"href":"https:\/\/falconprojekt.pl\/index.php\/wp-json\/wp\/v2\/users\/1"}],"replies":[{"embeddable":true,"href":"https:\/\/falconprojekt.pl\/index.php\/wp-json\/wp\/v2\/comments?post=22"}],"version-history":[{"count":3,"href":"https:\/\/falconprojekt.pl\/index.php\/wp-json\/wp\/v2\/pages\/22\/revisions"}],"predecessor-version":[{"id":215,"href":"https:\/\/falconprojekt.pl\/index.php\/wp-json\/wp\/v2\/pages\/22\/revisions\/215"}],"wp:attachment":[{"href":"https:\/\/falconprojekt.pl\/index.php\/wp-json\/wp\/v2\/media?parent=22"}],"curies":[{"name":"wp","href":"https:\/\/api.w.org\/{rel}","templated":true}]}}