{"id":24,"date":"2021-08-30T11:17:55","date_gmt":"2021-08-30T09:17:55","guid":{"rendered":"http:\/\/serwer1530812.home.pl\/autoinstalator\/wordpress10\/?page_id=24"},"modified":"2021-08-31T13:27:07","modified_gmt":"2021-08-31T11:27:07","slug":"obsluga-techniczna-inwestycji","status":"publish","type":"page","link":"https:\/\/falconprojekt.pl\/index.php\/obsluga-techniczna-inwestycji\/","title":{"rendered":"Obs\u0142uga techniczna inwestycji"},"content":{"rendered":"\n<div class=\"wp-block-columns is-layout-flex wp-container-core-columns-is-layout-9d6595d7 wp-block-columns-is-layout-flex\">\n<div class=\"wp-block-column is-layout-flow wp-block-column-is-layout-flow\" style=\"flex-basis:60%\">\n<p><strong>Oferujemy kompleksowe us\u0142ugi w zakresie obs\u0142ugi technicznej inwestycji<\/strong>:<\/p>\n\n\n\n<ul class=\"wp-block-list\"><li>pe\u0142nienie funkcji kierownika budowy<\/li><li>pe\u0142nienie funkcji inspektora nadzoru<\/li><li>pe\u0142nienie funkcji inwestora zast\u0119pczego<\/li><li>pomoc w doborze optymalnej technologii rob\u00f3t<\/li><li>konsultacje techniczn\u0105 dotycz\u0105c\u0105 optymalizacji koszt\u00f3w inwestycji<\/li><li>za\u0142atwienie formalno\u015bci zwi\u0105zane z uzyskaniem pozwolenia na budow\u0119, pozwolenia na rozbi\u00f3rk\u0119, legalizacj\u0105 samowoli budowlanej oraz zmian\u0105 sposobu u\u017cytkowania budynku<\/li><li>przegl\u0105dy roczne i pi\u0119cioletnie budynk\u00f3w<\/li><li>\u015bwiadectwa energetyczne<\/li><\/ul>\n<\/div>\n\n\n\n<div class=\"wp-block-column is-layout-flow wp-block-column-is-layout-flow\" style=\"flex-basis:40%\">\n<div class=\"wp-block-image\"><figure class=\"alignleft size-large is-resized\"><img loading=\"lazy\" decoding=\"async\" src=\"http:\/\/serwer1530812.home.pl\/autoinstalator\/wordpress10\/wp-content\/uploads\/2021\/08\/gf-DnBz-TeJR-cMuQ_inzynier-budownictwa-1920x1080-nocrop-1024x683.jpg\" alt=\"\" class=\"wp-image-162\" width=\"473\" height=\"315\" srcset=\"https:\/\/falconprojekt.pl\/wp-content\/uploads\/2021\/08\/gf-DnBz-TeJR-cMuQ_inzynier-budownictwa-1920x1080-nocrop-1024x683.jpg 1024w, https:\/\/falconprojekt.pl\/wp-content\/uploads\/2021\/08\/gf-DnBz-TeJR-cMuQ_inzynier-budownictwa-1920x1080-nocrop-300x200.jpg 300w, https:\/\/falconprojekt.pl\/wp-content\/uploads\/2021\/08\/gf-DnBz-TeJR-cMuQ_inzynier-budownictwa-1920x1080-nocrop-768x512.jpg 768w, https:\/\/falconprojekt.pl\/wp-content\/uploads\/2021\/08\/gf-DnBz-TeJR-cMuQ_inzynier-budownictwa-1920x1080-nocrop-1536x1025.jpg 1536w, https:\/\/falconprojekt.pl\/wp-content\/uploads\/2021\/08\/gf-DnBz-TeJR-cMuQ_inzynier-budownictwa-1920x1080-nocrop.jpg 1920w\" sizes=\"auto, (max-width: 473px) 100vw, 473px\" \/><\/figure><\/div>\n<\/div>\n<\/div>\n","protected":false},"excerpt":{"rendered":"<p>Oferujemy kompleksowe us\u0142ugi w zakresie obs\u0142ugi technicznej inwestycji: pe\u0142nienie funkcji kierownika budowy pe\u0142nienie funkcji inspektora nadzoru pe\u0142nienie funkcji inwestora zast\u0119pczego pomoc w doborze optymalnej technologii rob\u00f3t konsultacje techniczn\u0105 dotycz\u0105c\u0105 optymalizacji &#8230;<\/p>\n","protected":false},"author":1,"featured_media":0,"parent":0,"menu_order":0,"comment_status":"closed","ping_status":"closed","template":"","meta":{"footnotes":""},"class_list":["post-24","page","type-page","status-publish","hentry"],"_links":{"self":[{"href":"https:\/\/falconprojekt.pl\/index.php\/wp-json\/wp\/v2\/pages\/24","targetHints":{"allow":["GET"]}}],"collection":[{"href":"https:\/\/falconprojekt.pl\/index.php\/wp-json\/wp\/v2\/pages"}],"about":[{"href":"https:\/\/falconprojekt.pl\/index.php\/wp-json\/wp\/v2\/types\/page"}],"author":[{"embeddable":true,"href":"https:\/\/falconprojekt.pl\/index.php\/wp-json\/wp\/v2\/users\/1"}],"replies":[{"embeddable":true,"href":"https:\/\/falconprojekt.pl\/index.php\/wp-json\/wp\/v2\/comments?post=24"}],"version-history":[{"count":3,"href":"https:\/\/falconprojekt.pl\/index.php\/wp-json\/wp\/v2\/pages\/24\/revisions"}],"predecessor-version":[{"id":218,"href":"https:\/\/falconprojekt.pl\/index.php\/wp-json\/wp\/v2\/pages\/24\/revisions\/218"}],"wp:attachment":[{"href":"https:\/\/falconprojekt.pl\/index.php\/wp-json\/wp\/v2\/media?parent=24"}],"curies":[{"name":"wp","href":"https:\/\/api.w.org\/{rel}","templated":true}]}}